{"id":926,"date":"2025-08-20T10:29:35","date_gmt":"2025-08-20T08:29:35","guid":{"rendered":"https:\/\/universal-polythex.vdevs.eu\/?page_id=926"},"modified":"2025-08-20T10:31:52","modified_gmt":"2025-08-20T08:31:52","slug":"nachhaltigkeit","status":"publish","type":"page","link":"https:\/\/universal-polythex.vdevs.eu\/de\/sustainability\/","title":{"rendered":"Nachhaltigkeit"},"content":{"rendered":"<h2><span style=\"font-size: 18px;\">Wir streben ein nachhaltiges Morgen an!<\/span><\/h2>\n<p>&nbsp;<\/p>\n<p>Wir setzen uns im Alltag stets f\u00fcr mehr Nachhaltigkeit ein, weil wir alle davon profitieren: die Umwelt und die Gesellschaft.<\/p>\n<p>&nbsp;<\/p>\n<p><strong>Die Entwicklung in der Nachhaltigkeit befriedigt die heutigen Bed\u00fcrfnisse, ohne die k\u00fcnftigen Generationen zu gef\u00e4hrden.<\/strong><\/p>\n<p>&nbsp;<\/p>\n<p>Die Klimakrise ist eine der gr\u00f6\u00dften Herausforderungen f\u00fcr die Menschheit! Wir alle tragen eine enorme Verantwortung f\u00fcr die k\u00fcnftigen Generationen. Unser Beitrag zu einem besseren Klima\/ einer besseren Umwelt ist f\u00fcr uns von hoher Bedeutung und unabwendbar! Bei der Produktion unserer Produkte ist es uns wichtig die Umwelt nicht zu belasten, sondern die Energiewende zu f\u00f6rdern!<\/p>\n<p>&nbsp;<\/p>\n<p><span style=\"color: #ff0000;\"><strong>\u201eNachhaltigkeit und Klimaschutz sind f\u00fcr uns bereits seit Jahren zentrale Themen\u201c erkl\u00e4rt Inhaber Herr Stefan Nickolai. \u201eUnsere Produkte werden mit 100 % \u00d6kostrom hergestellt und viele Rohstoffe kommen bereits aus der Kreislaufwirtschaft\u201c.<\/strong><\/span><\/p>\n<p>&nbsp;<\/p>\n<p>Wir, die Universal-Polythex Kunststoffe GmbH, arbeiten energisch gegen den Klimawandel und w\u00e4hlen daher 100%igen \u00d6kostrom. Um die Klimawende erfolgreich zu gestalten, ist es auch notwendig, bestehende L\u00f6sungen in gro\u00dfem Umfang zu nutzen sowie ein breites Sortiment an nachhaltigen Produkten anzubieten. Nicht, weil es profitabel ist, sondern weil es f\u00fcr uns als Ihr Lieferant eine wichtige Aufgabe ist, die Entwicklung nachhaltiger Kunststoffprodukte voranzutreiben, die das Klima und die Umwelt sch\u00fctzen.<\/p>\n<p>Bei der Fertigung unserer Produkte verwenden wir ausschlie\u00dflich hochwertige Rohstoffe. Produktionsreste werden bei uns umweltfreundlich recycelt und der Produktion unmittelbar wieder zugef\u00fchrt. Mit PCR sowie unserem BIOTHEX haben wir auch ressourcenschonende-, biobasierte- und biologisch abbaubare Produkte im Portfolio.<\/p>\n<p>&nbsp;<\/p>\n<p>In Zusammenarbeit mit einem der f\u00fchrenden Recyclingunternehmen sind wir stolz, Ihnen ein PCR-Material aus recycelten Eingangsmaterialien (K\u00fchlschr\u00e4nke, Gefriertruhen, Klimager\u00e4te)\u00a0anbieten zu k\u00f6nnen.<\/p>\n<p>ECO PCR-PS besitzt eine spezielle Rezeptur und ist versehen mit einem \u00e4u\u00dferst aufwendigen Modifikator-System.<\/p>\n<p>&nbsp;<\/p>\n<p>Ein wichtiger Faktor in der Entwicklung der Sortierung und recyceln von Materialien enth\u00e4lt unser Recyclingprogramm. Dies ist nicht nur ein weiterer Schritt zur Reduzierung der Umweltbelastung, sondern auch eine M\u00f6glichkeit, den Wert der Ressourcen, die unsere Abf\u00e4lle tats\u00e4chlich darstellen, bestm\u00f6glich zu nutzen.<\/p>\n<p>Unser Ziel, ein 100%iges klimaneutrales Unternehmen zu werden, wird demn\u00e4chst erfolgen. Wir hoffen, dass sich viele Unternehmen der Kunststoffbranche sich diesem Ziel anschlie\u00dfen!<\/p>\n","protected":false},"excerpt":{"rendered":"<p>Wir streben ein nachhaltiges Morgen an! &nbsp; Wir setzen uns im Alltag stets f\u00fcr mehr Nachhaltigkeit ein, weil wir alle davon profitieren: die Umwelt und die Gesellschaft. &nbsp; Die Entwicklung in der Nachhaltigkeit befriedigt die heutigen Bed\u00fcrfnisse, ohne die k\u00fcnftigen Generationen zu gef\u00e4hrden. &nbsp; Die Klimakrise ist eine der gr\u00f6\u00dften Herausforderungen f\u00fcr die Menschheit! Wir [&hellip;]<\/p>\n","protected":false},"author":1,"featured_media":927,"parent":0,"menu_order":23,"comment_status":"closed","ping_status":"closed","template":"template-nachhaltigkeit.php","meta":{"_acf_changed":false,"footnotes":""},"class_list":["post-926","page","type-page","status-publish","has-post-thumbnail","hentry"],"acf":[],"_links":{"self":[{"href":"https:\/\/universal-polythex.vdevs.eu\/de\/wp-json\/wp\/v2\/pages\/926","targetHints":{"allow":["GET"]}}],"collection":[{"href":"https:\/\/universal-polythex.vdevs.eu\/de\/wp-json\/wp\/v2\/pages"}],"about":[{"href":"https:\/\/universal-polythex.vdevs.eu\/de\/wp-json\/wp\/v2\/types\/page"}],"author":[{"embeddable":true,"href":"https:\/\/universal-polythex.vdevs.eu\/de\/wp-json\/wp\/v2\/users\/1"}],"replies":[{"embeddable":true,"href":"https:\/\/universal-polythex.vdevs.eu\/de\/wp-json\/wp\/v2\/comments?post=926"}],"version-history":[{"count":4,"href":"https:\/\/universal-polythex.vdevs.eu\/de\/wp-json\/wp\/v2\/pages\/926\/revisions"}],"predecessor-version":[{"id":933,"href":"https:\/\/universal-polythex.vdevs.eu\/de\/wp-json\/wp\/v2\/pages\/926\/revisions\/933"}],"wp:featuredmedia":[{"embeddable":true,"href":"https:\/\/universal-polythex.vdevs.eu\/de\/wp-json\/wp\/v2\/media\/927"}],"wp:attachment":[{"href":"https:\/\/universal-polythex.vdevs.eu\/de\/wp-json\/wp\/v2\/media?parent=926"}],"curies":[{"name":"wp","href":"https:\/\/api.w.org\/{rel}","templated":true}]}}