{"id":936,"date":"2025-08-20T10:43:27","date_gmt":"2025-08-20T08:43:27","guid":{"rendered":"https:\/\/universal-polythex.vdevs.eu\/?page_id=936"},"modified":"2025-08-20T10:43:27","modified_gmt":"2025-08-20T08:43:27","slug":"okstrom","status":"publish","type":"page","link":"https:\/\/universal-polythex.vdevs.eu\/de\/okstrom\/","title":{"rendered":"100% \u00d6kostrom"},"content":{"rendered":"<h2><span style=\"font-size: 18px;\">Mit Engagement f\u00fcr den Schutz unserer Umwelt!<\/span><\/h2>\n<p>&nbsp;<\/p>\n<h2><span style=\"font-size: 16px;\">Um bei der Energiewende einen gro\u00dfen Einfluss zu nehmen, nutzen wir 100%igen \u00d6kostrom f\u00fcr den gesamten Strombedarf unserer Produktion!<\/span><\/h2>\n<p>&nbsp;<\/p>\n<p><span style=\"color: #000000;\"><strong><em>\u201eNachhaltigkeit und Klimaschutz sind f\u00fcr uns bereits seit Jahren zentrale Themen\u201c erkl\u00e4rt Inhaber Herr Stefan Nickolai. \u201eUnsere Produkte werden mit 100%igem \u00d6kostrom hergestellt und viele Rohstoffe kommen bereits aus der Kreislaufwirtschaft\u201c.<\/em><\/strong><\/span><\/p>\n<p>&nbsp;<\/p>\n<h3><span style=\"color: #ff0000;\"><span style=\"font-size: 16px;\"><strong>Warum haben wir uns f\u00fcr 100% gr\u00fcnen Strom entschieden?<\/strong><\/span><\/span><\/h3>\n<p>&nbsp;<\/p>\n<p>Die erneuerbare Energie hat keine gef\u00e4hrlichen R\u00fcckst\u00e4nde oder Schadstoffe und beansprucht auch die Umwelt nicht. Erneuerbare Energien haben eine geringe Klimaauswirkung, da bei ihrer Nutzung kein neues Kohlendioxid in die Atmosph\u00e4re gelangt. Uns ist es wichtig, dass unsere Produkte dazu beitragen die Umwelt nicht zu belasten. W\u00e4hlen Sie unsere Produkte, um die Energiewende zu f\u00f6rdern! Sie setzen gleichzeitig auf eine erfolgreiche Zusammenarbeit mit einem zuverl\u00e4ssigen und umweltfreundlichen Extrusionspartner, dessen Ziel es ist, Qualit\u00e4t zu liefern, ohne der Umwelt dabei zu schaden! Denn gemeinsam \u00fcbernehmen wir Verantwortung f\u00fcr die Erde.<\/p>\n<p>&nbsp;<\/p>\n<h3><span style=\"color: #ff0000;\"><span style=\"font-size: 16px;\"><strong>Warum sollten Sie sich f\u00fcr Produkte, die aus 100% \u00d6kostrom hergestellt werden, entscheiden?<\/strong><\/span><\/span><\/h3>\n<p>&nbsp;<\/p>\n<p>Die Energie aus Solar, Wind- und Wasserkraft ist frei von sch\u00e4dlichen Umweltemissionen, gef\u00e4hrlichen Restprodukten und wird st\u00e4ndig erneuert. Wenn Sie sich f\u00fcr Produkte, die mit erneuerbarem Strom produziert wurden, entscheiden, wird die Umweltbelastung reduziert! Das bedeutet, dass Sie bei der Energiewende mitwirken, wenn Sie unsere Produkte w\u00e4hlen!<\/p>\n","protected":false},"excerpt":{"rendered":"<p>Mit Engagement f\u00fcr den Schutz unserer Umwelt! &nbsp; Um bei der Energiewende einen gro\u00dfen Einfluss zu nehmen, nutzen wir 100%igen \u00d6kostrom f\u00fcr den gesamten Strombedarf unserer Produktion! &nbsp; \u201eNachhaltigkeit und Klimaschutz sind f\u00fcr uns bereits seit Jahren zentrale Themen\u201c erkl\u00e4rt Inhaber Herr Stefan Nickolai. \u201eUnsere Produkte werden mit 100%igem \u00d6kostrom hergestellt und viele Rohstoffe kommen [&hellip;]<\/p>\n","protected":false},"author":1,"featured_media":937,"parent":0,"menu_order":20,"comment_status":"closed","ping_status":"closed","template":"template-nachhaltigkeit.php","meta":{"_acf_changed":false,"footnotes":""},"class_list":["post-936","page","type-page","status-publish","has-post-thumbnail","hentry"],"acf":[],"_links":{"self":[{"href":"https:\/\/universal-polythex.vdevs.eu\/de\/wp-json\/wp\/v2\/pages\/936","targetHints":{"allow":["GET"]}}],"collection":[{"href":"https:\/\/universal-polythex.vdevs.eu\/de\/wp-json\/wp\/v2\/pages"}],"about":[{"href":"https:\/\/universal-polythex.vdevs.eu\/de\/wp-json\/wp\/v2\/types\/page"}],"author":[{"embeddable":true,"href":"https:\/\/universal-polythex.vdevs.eu\/de\/wp-json\/wp\/v2\/users\/1"}],"replies":[{"embeddable":true,"href":"https:\/\/universal-polythex.vdevs.eu\/de\/wp-json\/wp\/v2\/comments?post=936"}],"version-history":[{"count":1,"href":"https:\/\/universal-polythex.vdevs.eu\/de\/wp-json\/wp\/v2\/pages\/936\/revisions"}],"predecessor-version":[{"id":940,"href":"https:\/\/universal-polythex.vdevs.eu\/de\/wp-json\/wp\/v2\/pages\/936\/revisions\/940"}],"wp:featuredmedia":[{"embeddable":true,"href":"https:\/\/universal-polythex.vdevs.eu\/de\/wp-json\/wp\/v2\/media\/937"}],"wp:attachment":[{"href":"https:\/\/universal-polythex.vdevs.eu\/de\/wp-json\/wp\/v2\/media?parent=936"}],"curies":[{"name":"wp","href":"https:\/\/api.w.org\/{rel}","templated":true}]}}