{"id":943,"date":"2025-08-20T10:53:52","date_gmt":"2025-08-20T08:53:52","guid":{"rendered":"https:\/\/universal-polythex.vdevs.eu\/?page_id=943"},"modified":"2025-08-20T10:53:52","modified_gmt":"2025-08-20T08:53:52","slug":"recycling","status":"publish","type":"page","link":"https:\/\/universal-polythex.vdevs.eu\/de\/recycling\/","title":{"rendered":"Recyclingprogramm"},"content":{"rendered":"<h2><span style=\"font-size: 18px;\">Recycling und Remanufacturing \u2013 Produzieren im Wertsch\u00f6pfungskreislauf!<\/span><\/h2>\n<p>&nbsp;<\/p>\n<p>Warum hat Recycling, neben der Abfallvermeidung, eine hohe Bedeutung f\u00fcr uns?<\/p>\n<p>Die Weiter- und Wiederverwendung von Kunststoffen ist eine nachhaltige und ressourceneffiziente Verwendung von Rohstoffen!<\/p>\n<p>&nbsp;<\/p>\n<p>Als nachhaltig agierendes Industrieunternehmen legt die Universal Polythex Kunststoffe GmbH sehr gro\u00dfen Wert auf die Kreislaufwirtschaft. Das Recycling von Kunststoffen ist ein wichtiger Prozess in der Kreislaufwirtschaft und dessen Wiederverwendung in neuen Produkten. Die meisten Kunststoffe sind nicht biologisch abbaubar, daher ist Recycling als Teil der globalen Bem\u00fchungen, Kunststoffe zu reduzieren, unbedingt notwendig.<\/p>\n<p>Der permanente Ausbau unserer Recycling-Kapazit\u00e4ten und Techniken sehen wir als wichtigen Faktor in der Entwicklung unseres Unternehmens. Er tr\u00e4gt zur Reduzierung der Umweltbelastung bei, aber auch als eine M\u00f6glichkeit, den Wert der Ressourcen, die diese Kunststoffreste tats\u00e4chlich darstellen, bestm\u00f6glich zu nutzen.<\/p>\n<p>Durch die richtige Sortierung kann jedes Material recycelt werden und wir tragen gemeinsam dazu bei, nat\u00fcrliche Ressourcen zu schonen.<\/p>\n<p>Wir stehen vollkommen hinter der Kreislaufwirtschaft und ermutigen unsere Kunden zum Wiederverkauf oder Lohn-Verarbeitung der Reste und Abschnitte ihres thermoplastischen Materials.<\/p>\n<p>&nbsp;<\/p>\n<p><span style=\"color: #ff0000;\">Sollten Sie am Verkauf Ihres Restmaterials interessiert sein, hier einige n\u00fctzliche Tipps:<\/span><\/p>\n<ul>\n<li>Das Material muss sortenrein sein<\/li>\n<li>Das Material muss frei von Verunreinigungen wie \u00d6l, Fett, Papier oder anderen Additiven sein<\/li>\n<li>Sie k\u00f6nnen das Material auf jeder Form von Palette, Boxen oder anderen Beh\u00e4ltern anliefern, wir stellen diese aber auch gern zur Verf\u00fcgung.<\/li>\n<li>Das Material kann als Abschnitte, Mahlgut oder auch als Granulat zur Verf\u00fcgung gestellt werden<\/li>\n<li>Wir organisieren kostenfreie Abholungen<\/li>\n<\/ul>\n<p>&nbsp;<\/p>\n<p>&nbsp;<\/p>\n<p>&nbsp;<\/p>\n<p>&nbsp;<\/p>\n","protected":false},"excerpt":{"rendered":"<p>Recycling und Remanufacturing \u2013 Produzieren im Wertsch\u00f6pfungskreislauf! &nbsp; Warum hat Recycling, neben der Abfallvermeidung, eine hohe Bedeutung f\u00fcr uns? Die Weiter- und Wiederverwendung von Kunststoffen ist eine nachhaltige und ressourceneffiziente Verwendung von Rohstoffen! &nbsp; Als nachhaltig agierendes Industrieunternehmen legt die Universal Polythex Kunststoffe GmbH sehr gro\u00dfen Wert auf die Kreislaufwirtschaft. Das Recycling von Kunststoffen ist [&hellip;]<\/p>\n","protected":false},"author":1,"featured_media":944,"parent":0,"menu_order":18,"comment_status":"closed","ping_status":"closed","template":"template-nachhaltigkeit.php","meta":{"_acf_changed":false,"footnotes":""},"class_list":["post-943","page","type-page","status-publish","has-post-thumbnail","hentry"],"acf":[],"_links":{"self":[{"href":"https:\/\/universal-polythex.vdevs.eu\/de\/wp-json\/wp\/v2\/pages\/943","targetHints":{"allow":["GET"]}}],"collection":[{"href":"https:\/\/universal-polythex.vdevs.eu\/de\/wp-json\/wp\/v2\/pages"}],"about":[{"href":"https:\/\/universal-polythex.vdevs.eu\/de\/wp-json\/wp\/v2\/types\/page"}],"author":[{"embeddable":true,"href":"https:\/\/universal-polythex.vdevs.eu\/de\/wp-json\/wp\/v2\/users\/1"}],"replies":[{"embeddable":true,"href":"https:\/\/universal-polythex.vdevs.eu\/de\/wp-json\/wp\/v2\/comments?post=943"}],"version-history":[{"count":1,"href":"https:\/\/universal-polythex.vdevs.eu\/de\/wp-json\/wp\/v2\/pages\/943\/revisions"}],"predecessor-version":[{"id":947,"href":"https:\/\/universal-polythex.vdevs.eu\/de\/wp-json\/wp\/v2\/pages\/943\/revisions\/947"}],"wp:featuredmedia":[{"embeddable":true,"href":"https:\/\/universal-polythex.vdevs.eu\/de\/wp-json\/wp\/v2\/media\/944"}],"wp:attachment":[{"href":"https:\/\/universal-polythex.vdevs.eu\/de\/wp-json\/wp\/v2\/media?parent=943"}],"curies":[{"name":"wp","href":"https:\/\/api.w.org\/{rel}","templated":true}]}}