{"id":950,"date":"2025-08-20T11:01:50","date_gmt":"2025-08-20T09:01:50","guid":{"rendered":"https:\/\/universal-polythex.vdevs.eu\/?page_id=950"},"modified":"2025-08-20T11:02:07","modified_gmt":"2025-08-20T09:02:07","slug":"co2-fussabdruck","status":"publish","type":"page","link":"https:\/\/universal-polythex.vdevs.eu\/de\/co2_fubabdruck\/","title":{"rendered":"CO2 Fu\u00dfabdruck"},"content":{"rendered":"<h2><span style=\"font-size: 18px;\">KLIMANEUTRAL IN DIE ZUKUNFT!<\/span><\/h2>\n<p>&nbsp;<\/p>\n<p>Seit September 2023 sind wir Mitglied der Initiative Klimaschutz Kunststoffindustrie. In Zusammenarbeit mit einem externen Dienstleister wurde eine CO2-Bilanz des gesamten Unternehmens erstellt. Dabei wurden sowohl Scope-1 und Scope-2 als auch ausgew\u00e4hlte Scope-3 Emissionen betrachtet. Auf Basis der umfassenden CO2-Bilanz k\u00f6nnen Reduktionsma\u00dfnahmen nun zielgerichtet eingeleitet werden. Um unseren bestm\u00f6glichen Beitrag zur Minderung der CO2 Emissionen zu leisten, erstellen wir sp\u00e4testens alle 2 Jahre eine modifizierte Gesamtbilanz, um uns stetig zu verbessern.<\/p>\n<p>Damit wird die Universal Polythex Kunststoffe GmbH einen zentralen Beitrag zum Klimaschutz leisten!<\/p>\n","protected":false},"excerpt":{"rendered":"<p>KLIMANEUTRAL IN DIE ZUKUNFT! &nbsp; Seit September 2023 sind wir Mitglied der Initiative Klimaschutz Kunststoffindustrie. In Zusammenarbeit mit einem externen Dienstleister wurde eine CO2-Bilanz des gesamten Unternehmens erstellt. Dabei wurden sowohl Scope-1 und Scope-2 als auch ausgew\u00e4hlte Scope-3 Emissionen betrachtet. Auf Basis der umfassenden CO2-Bilanz k\u00f6nnen Reduktionsma\u00dfnahmen nun zielgerichtet eingeleitet werden. Um unseren bestm\u00f6glichen Beitrag [&hellip;]<\/p>\n","protected":false},"author":1,"featured_media":951,"parent":0,"menu_order":15,"comment_status":"closed","ping_status":"closed","template":"template-nachhaltigkeit.php","meta":{"_acf_changed":false,"footnotes":""},"class_list":["post-950","page","type-page","status-publish","has-post-thumbnail","hentry"],"acf":[],"_links":{"self":[{"href":"https:\/\/universal-polythex.vdevs.eu\/de\/wp-json\/wp\/v2\/pages\/950","targetHints":{"allow":["GET"]}}],"collection":[{"href":"https:\/\/universal-polythex.vdevs.eu\/de\/wp-json\/wp\/v2\/pages"}],"about":[{"href":"https:\/\/universal-polythex.vdevs.eu\/de\/wp-json\/wp\/v2\/types\/page"}],"author":[{"embeddable":true,"href":"https:\/\/universal-polythex.vdevs.eu\/de\/wp-json\/wp\/v2\/users\/1"}],"replies":[{"embeddable":true,"href":"https:\/\/universal-polythex.vdevs.eu\/de\/wp-json\/wp\/v2\/comments?post=950"}],"version-history":[{"count":1,"href":"https:\/\/universal-polythex.vdevs.eu\/de\/wp-json\/wp\/v2\/pages\/950\/revisions"}],"predecessor-version":[{"id":954,"href":"https:\/\/universal-polythex.vdevs.eu\/de\/wp-json\/wp\/v2\/pages\/950\/revisions\/954"}],"wp:featuredmedia":[{"embeddable":true,"href":"https:\/\/universal-polythex.vdevs.eu\/de\/wp-json\/wp\/v2\/media\/951"}],"wp:attachment":[{"href":"https:\/\/universal-polythex.vdevs.eu\/de\/wp-json\/wp\/v2\/media?parent=950"}],"curies":[{"name":"wp","href":"https:\/\/api.w.org\/{rel}","templated":true}]}}