{"id":935,"date":"2025-08-20T10:29:35","date_gmt":"2025-08-20T08:29:35","guid":{"rendered":"https:\/\/universal-polythex.vdevs.eu\/sustainability\/"},"modified":"2025-08-20T10:29:35","modified_gmt":"2025-08-20T08:29:35","slug":"sustainability","status":"publish","type":"page","link":"https:\/\/universal-polythex.vdevs.eu\/fr\/sustainability\/","title":{"rendered":"Durabilit\u00e9"},"content":{"rendered":"<h2><span style=\"font-size: 18px;\">Nous aspirons \u00e0 un avenir durable !<\/span><\/h2>\n<p>&nbsp;<\/p>\n<p>Nous nous engageons toujours en faveur d&rsquo;une plus grande durabilit\u00e9 au quotidien car nous en b\u00e9n\u00e9ficions tous : l&rsquo;environnement et la soci\u00e9t\u00e9.<\/p>\n<p>&nbsp;<\/p>\n<p><strong>Le d\u00e9veloppement durable r\u00e9pond aux besoins d&rsquo;aujourd&rsquo;hui sans mettre en danger les g\u00e9n\u00e9rations futures.<\/strong><\/p>\n<p>&nbsp;<\/p>\n<p>La crise climatique est l&rsquo;un des plus grands d\u00e9fis auxquels l&rsquo;humanit\u00e9 est confront\u00e9e ! Nous avons tous une \u00e9norme responsabilit\u00e9 envers les g\u00e9n\u00e9rations futures. Notre contribution \u00e0 un meilleur climat\/environnement est tr\u00e8s importante et incontournable pour nous ! Lors de la fabrication de nos produits, il nous tient \u00e0 c\u0153ur de ne pas polluer l&rsquo;environnement, mais plut\u00f4t de promouvoir la transition \u00e9nerg\u00e9tique !   <\/p>\n<p>&nbsp;<\/p>\n<p><span style=\"color: #ff0000;\"><strong>\u00abLa durabilit\u00e9 et la protection du climat sont des sujets centraux pour nous depuis des ann\u00e9es\u00bb explique le propri\u00e9taire, M. Stefan Nickolai. \u00abNos produits sont fabriqu\u00e9s avec de l&rsquo;\u00e9lectricit\u00e9 100 % verte et de nombreuses mati\u00e8res premi\u00e8res proviennent d\u00e9j\u00e0 de l&rsquo;\u00e9conomie circulaire.\u00bb. <\/strong><\/span><\/p>\n<p>&nbsp;<\/p>\n<p>Nous, Universal-Polythex Kunststoffe GmbH, travaillons \u00e9nergiquement contre le changement climatique et choisissons donc une \u00e9lectricit\u00e9 100 % verte. Pour lutter avec succ\u00e8s contre le changement climatique, il est \u00e9galement n\u00e9cessaire de recourir largement aux solutions existantes et de proposer une large gamme de produits durables. Non pas parce que c&rsquo;est rentable, mais parce que c&rsquo;est une t\u00e2che importante pour nous, en tant que fournisseur, de promouvoir le d\u00e9veloppement de produits en plastique durables qui prot\u00e8gent le climat et l&rsquo;environnement.  <\/p>\n<p>Nous utilisons uniquement des mati\u00e8res premi\u00e8res de haute qualit\u00e9 pour fabriquer nos produits. Nous recyclons les r\u00e9sidus de production de mani\u00e8re \u00e9cologique et les remettons imm\u00e9diatement en production. Avec PCR et notre BIOTHEX, nous avons \u00e9galement dans notre portefeuille des produits \u00e9conomes en ressources, biosourc\u00e9s et biod\u00e9gradables.  <\/p>\n<p>&nbsp;<\/p>\n<p>En collaboration avec l&rsquo;une des principales entreprises de recyclage, nous sommes fiers de vous proposer un mat\u00e9riel PCR fabriqu\u00e9 \u00e0 partir de mati\u00e8res premi\u00e8res recycl\u00e9es (r\u00e9frig\u00e9rateurs, cong\u00e9lateurs, climatiseurs) pour pouvoir proposer notre produit Polythex ECO PCR-PS.<\/p>\n<p>ECO PCR-PS a une recette sp\u00e9ciale et est \u00e9quip\u00e9 d&rsquo;un syst\u00e8me de modificateur extr\u00eamement complexe.<\/p>\n<p>&nbsp;<\/p>\n<p>Un facteur important dans le d\u00e9veloppement du tri et du recyclage des mat\u00e9riaux est notre programme de recyclage. Il s&rsquo;agit non seulement d&rsquo;un pas de plus vers la r\u00e9duction de l&rsquo;impact environnemental, mais aussi d&rsquo;un moyen de tirer le meilleur parti de la valeur des ressources que repr\u00e9sentent r\u00e9ellement nos d\u00e9chets. <\/p>\n<p>Notre objectif de devenir une entreprise 100 % neutre pour le climat se r\u00e9alisera bient\u00f4t. Nous esp\u00e9rons que de nombreuses entreprises de l&rsquo;industrie du plastique rejoindront cet objectif ! <\/p>\n","protected":false},"excerpt":{"rendered":"<p>Nous aspirons \u00e0 un avenir durable ! &nbsp; Nous nous engageons toujours en faveur d&rsquo;une plus grande durabilit\u00e9 au quotidien car nous en b\u00e9n\u00e9ficions tous : l&rsquo;environnement et la soci\u00e9t\u00e9. &nbsp; Le d\u00e9veloppement durable r\u00e9pond aux besoins d&rsquo;aujourd&rsquo;hui sans mettre en danger les g\u00e9n\u00e9rations futures. &nbsp; La crise climatique est l&rsquo;un des plus grands d\u00e9fis [&hellip;]<\/p>\n","protected":false},"author":1,"featured_media":929,"parent":0,"menu_order":22,"comment_status":"closed","ping_status":"closed","template":"template-nachhaltigkeit.php","meta":{"_acf_changed":false,"footnotes":""},"class_list":["post-935","page","type-page","status-publish","has-post-thumbnail","hentry"],"acf":[],"_links":{"self":[{"href":"https:\/\/universal-polythex.vdevs.eu\/fr\/wp-json\/wp\/v2\/pages\/935","targetHints":{"allow":["GET"]}}],"collection":[{"href":"https:\/\/universal-polythex.vdevs.eu\/fr\/wp-json\/wp\/v2\/pages"}],"about":[{"href":"https:\/\/universal-polythex.vdevs.eu\/fr\/wp-json\/wp\/v2\/types\/page"}],"author":[{"embeddable":true,"href":"https:\/\/universal-polythex.vdevs.eu\/fr\/wp-json\/wp\/v2\/users\/1"}],"replies":[{"embeddable":true,"href":"https:\/\/universal-polythex.vdevs.eu\/fr\/wp-json\/wp\/v2\/comments?post=935"}],"version-history":[{"count":0,"href":"https:\/\/universal-polythex.vdevs.eu\/fr\/wp-json\/wp\/v2\/pages\/935\/revisions"}],"wp:featuredmedia":[{"embeddable":true,"href":"https:\/\/universal-polythex.vdevs.eu\/fr\/wp-json\/wp\/v2\/media\/929"}],"wp:attachment":[{"href":"https:\/\/universal-polythex.vdevs.eu\/fr\/wp-json\/wp\/v2\/media?parent=935"}],"curies":[{"name":"wp","href":"https:\/\/api.w.org\/{rel}","templated":true}]}}