{"id":942,"date":"2025-08-20T10:43:27","date_gmt":"2025-08-20T08:43:27","guid":{"rendered":"https:\/\/universal-polythex.vdevs.eu\/okstrom\/"},"modified":"2025-08-20T10:43:27","modified_gmt":"2025-08-20T08:43:27","slug":"okstrom","status":"publish","type":"page","link":"https:\/\/universal-polythex.vdevs.eu\/fr\/okstrom\/","title":{"rendered":"\u00c9lectricit\u00e9 100% verte"},"content":{"rendered":"<h2><span style=\"font-size: 18px;\">Engag\u00e9 \u00e0 prot\u00e9ger notre environnement !<\/span><\/h2>\n<p>&nbsp;<\/p>\n<h2><span style=\"font-size: 16px;\">Afin d&rsquo;avoir une grande influence sur la transition \u00e9nerg\u00e9tique, nous utilisons 100 % d&rsquo;\u00e9lectricit\u00e9 verte pour tous les besoins en \u00e9lectricit\u00e9 de notre production !<\/span><\/h2>\n<p>&nbsp;<\/p>\n<p><span style=\"color: #000000;\"><strong><em>\u00ab La durabilit\u00e9 et la protection du climat sont des th\u00e8mes centraux pour nous depuis des ann\u00e9es \u00bb, explique le propri\u00e9taire, M. Stefan Nickolai. \u00ab Nos produits sont fabriqu\u00e9s avec 100 % d&rsquo;\u00e9lectricit\u00e9 verte et de nombreuses mati\u00e8res premi\u00e8res proviennent d\u00e9j\u00e0 de l&rsquo;\u00e9conomie circulaire \u00bb.<\/em><\/strong><\/span><\/p>\n<p>&nbsp;<\/p>\n<h3><span style=\"color: #ff0000;\"><span style=\"font-size: 16px;\"><strong>Pourquoi avons-nous opt\u00e9 pour une \u00e9lectricit\u00e9 100 % verte ?<\/strong><\/span><\/span><\/h3>\n<p>&nbsp;<\/p>\n<p>L&rsquo;\u00e9nergie renouvelable ne contient pas de r\u00e9sidus ou de polluants dangereux et ne nuit pas \u00e0 l&rsquo;environnement. Les \u00e9nergies renouvelables ont un faible impact sur le climat, car aucun nouveau dioxyde de carbone n&rsquo;est lib\u00e9r\u00e9 dans l&rsquo;atmosph\u00e8re lors de leur utilisation. Il est important pour nous que nos produits ne contribuent pas \u00e0 polluer l&rsquo;environnement. Choisissez nos produits pour favoriser la transition \u00e9nerg\u00e9tique ! Vous misez en m\u00eame temps sur une collaboration fructueuse avec un partenaire d&rsquo;extrusion fiable et respectueux de l&rsquo;environnement, dont l&rsquo;objectif est de fournir une qualit\u00e9 sans nuire \u00e0 l&rsquo;environnement ! Parce qu&rsquo;ensemble, nous assumons la responsabilit\u00e9 de la Terre.<\/p>\n<p>&nbsp;<\/p>\n<h3><span style=\"color: #ff0000;\"><span style=\"font-size: 16px;\"><strong>Pourquoi opter pour des produits fabriqu\u00e9s \u00e0 partir de 100 % d&rsquo;\u00e9lectricit\u00e9 verte ?<\/strong><\/span><\/span><\/h3>\n<p>&nbsp;<\/p>\n<p>L&rsquo;\u00e9nergie issue de l&rsquo;\u00e9nergie solaire, \u00e9olienne et hydraulique est exempte d&rsquo;\u00e9missions nocives pour l&rsquo;environnement, de produits r\u00e9siduels dangereux et est constamment renouvel\u00e9e. Si vous optez pour des produits fabriqu\u00e9s avec de l&rsquo;\u00e9lectricit\u00e9 renouvelable, l&rsquo;impact sur l&rsquo;environnement sera r\u00e9duit ! Cela signifie que vous participez \u00e0 la transition \u00e9nerg\u00e9tique en choisissant nos produits !<\/p>\n","protected":false},"excerpt":{"rendered":"<p>Engag\u00e9 \u00e0 prot\u00e9ger notre environnement ! &nbsp; Afin d&rsquo;avoir une grande influence sur la transition \u00e9nerg\u00e9tique, nous utilisons 100 % d&rsquo;\u00e9lectricit\u00e9 verte pour tous les besoins en \u00e9lectricit\u00e9 de notre production ! &nbsp; \u00ab La durabilit\u00e9 et la protection du climat sont des th\u00e8mes centraux pour nous depuis des ann\u00e9es \u00bb, explique le propri\u00e9taire, M. [&hellip;]<\/p>\n","protected":false},"author":1,"featured_media":939,"parent":0,"menu_order":21,"comment_status":"closed","ping_status":"closed","template":"template-nachhaltigkeit.php","meta":{"_acf_changed":false,"footnotes":""},"class_list":["post-942","page","type-page","status-publish","has-post-thumbnail","hentry"],"acf":[],"_links":{"self":[{"href":"https:\/\/universal-polythex.vdevs.eu\/fr\/wp-json\/wp\/v2\/pages\/942","targetHints":{"allow":["GET"]}}],"collection":[{"href":"https:\/\/universal-polythex.vdevs.eu\/fr\/wp-json\/wp\/v2\/pages"}],"about":[{"href":"https:\/\/universal-polythex.vdevs.eu\/fr\/wp-json\/wp\/v2\/types\/page"}],"author":[{"embeddable":true,"href":"https:\/\/universal-polythex.vdevs.eu\/fr\/wp-json\/wp\/v2\/users\/1"}],"replies":[{"embeddable":true,"href":"https:\/\/universal-polythex.vdevs.eu\/fr\/wp-json\/wp\/v2\/comments?post=942"}],"version-history":[{"count":0,"href":"https:\/\/universal-polythex.vdevs.eu\/fr\/wp-json\/wp\/v2\/pages\/942\/revisions"}],"wp:featuredmedia":[{"embeddable":true,"href":"https:\/\/universal-polythex.vdevs.eu\/fr\/wp-json\/wp\/v2\/media\/939"}],"wp:attachment":[{"href":"https:\/\/universal-polythex.vdevs.eu\/fr\/wp-json\/wp\/v2\/media?parent=942"}],"curies":[{"name":"wp","href":"https:\/\/api.w.org\/{rel}","templated":true}]}}