{"id":949,"date":"2025-08-20T10:53:52","date_gmt":"2025-08-20T08:53:52","guid":{"rendered":"https:\/\/universal-polythex.vdevs.eu\/recycling\/"},"modified":"2025-08-20T10:53:52","modified_gmt":"2025-08-20T08:53:52","slug":"recycling","status":"publish","type":"page","link":"https:\/\/universal-polythex.vdevs.eu\/fr\/recycling\/","title":{"rendered":"Programme de recyclage"},"content":{"rendered":"<h2><span style=\"font-size: 18px;\">Recyclage et reconditionnement : produire dans la cha\u00eene de valeur !<\/span><\/h2>\n<p>&nbsp;<\/p>\n<p>Pourquoi le recyclage, en plus de la pr\u00e9vention des d\u00e9chets, a-t-il une grande importance pour nous ?<\/p>\n<p>La r\u00e9utilisation et le r\u00e9emploi des plastiques est une utilisation durable et \u00e9conome en ressources des mati\u00e8res premi\u00e8res !<\/p>\n<p>&nbsp;<\/p>\n<p>En tant qu&rsquo;entreprise industrielle op\u00e9rant de mani\u00e8re durable, Universal Polythex Kunststoffe GmbH attache une tr\u00e8s grande importance \u00e0 l&rsquo;\u00e9conomie circulaire. Le recyclage des plastiques est un processus important dans l&rsquo;\u00e9conomie circulaire et leur r\u00e9utilisation dans de nouveaux produits. La plupart des plastiques ne sont pas biod\u00e9gradables, le recyclage est donc essentiel dans le cadre des efforts mondiaux visant \u00e0 r\u00e9duire les plastiques.  <\/p>\n<p>Nous consid\u00e9rons le d\u00e9veloppement permanent de nos capacit\u00e9s et techniques de recyclage comme un facteur important dans le d\u00e9veloppement de notre entreprise. Cela contribue \u00e0 la r\u00e9duction de l&rsquo;impact environnemental, mais sert aussi de moyen de valoriser au mieux la valeur des ressources que repr\u00e9sentent r\u00e9ellement ces restes plastiques. <\/p>\n<p>Gr\u00e2ce \u00e0 un tri correct, chaque mat\u00e9riau peut \u00eatre recycl\u00e9 et nous contribuons ensemble \u00e0 pr\u00e9server les ressources naturelles.<\/p>\n<p>Nous soutenons pleinement l&rsquo;\u00e9conomie circulaire et encourageons nos clients \u00e0 revendre ou \u00e0 sous-traiter le traitement des restes et des sections de leur mat\u00e9riau thermoplastique.<\/p>\n<p>&nbsp;<\/p>\n<p><span style=\"color: #ff0000;\">Si vous \u00eates int\u00e9ress\u00e9 par la vente de vos restes, voici quelques conseils utiles :<\/span><\/p>\n<ul>\n<li>Le mat\u00e9riau doit \u00eatre propre \u00e0 la vari\u00e9t\u00e9<\/li>\n<li>Le mat\u00e9riau doit \u00eatre exempt d&rsquo;impuret\u00e9s telles que l&rsquo;huile, la graisse, le papier ou d&rsquo;autres additifs<\/li>\n<li>Vous pouvez livrer le mat\u00e9riel sur n&rsquo;importe quelle forme de palette, de bo\u00eete ou d&rsquo;autres conteneurs, mais nous sommes \u00e9galement heureux de les mettre \u00e0 votre disposition.<\/li>\n<li>Le mat\u00e9riau peut \u00eatre mis \u00e0 disposition sous forme de sections, de broyage ou de granul\u00e9s<\/li>\n<li>Nous organisons des collectes gratuites<\/li>\n<\/ul>\n<p>&nbsp;<\/p>\n<p>&nbsp;<\/p>\n<p>&nbsp;<\/p>\n<p>&nbsp;<\/p>\n","protected":false},"excerpt":{"rendered":"<p>Recyclage et reconditionnement : produire dans la cha\u00eene de valeur ! &nbsp; Pourquoi le recyclage, en plus de la pr\u00e9vention des d\u00e9chets, a-t-il une grande importance pour nous ? La r\u00e9utilisation et le r\u00e9emploi des plastiques est une utilisation durable et \u00e9conome en ressources des mati\u00e8res premi\u00e8res ! &nbsp; En tant qu&rsquo;entreprise industrielle op\u00e9rant de [&hellip;]<\/p>\n","protected":false},"author":1,"featured_media":946,"parent":0,"menu_order":17,"comment_status":"closed","ping_status":"closed","template":"template-nachhaltigkeit.php","meta":{"_acf_changed":false,"footnotes":""},"class_list":["post-949","page","type-page","status-publish","has-post-thumbnail","hentry"],"acf":[],"_links":{"self":[{"href":"https:\/\/universal-polythex.vdevs.eu\/fr\/wp-json\/wp\/v2\/pages\/949","targetHints":{"allow":["GET"]}}],"collection":[{"href":"https:\/\/universal-polythex.vdevs.eu\/fr\/wp-json\/wp\/v2\/pages"}],"about":[{"href":"https:\/\/universal-polythex.vdevs.eu\/fr\/wp-json\/wp\/v2\/types\/page"}],"author":[{"embeddable":true,"href":"https:\/\/universal-polythex.vdevs.eu\/fr\/wp-json\/wp\/v2\/users\/1"}],"replies":[{"embeddable":true,"href":"https:\/\/universal-polythex.vdevs.eu\/fr\/wp-json\/wp\/v2\/comments?post=949"}],"version-history":[{"count":0,"href":"https:\/\/universal-polythex.vdevs.eu\/fr\/wp-json\/wp\/v2\/pages\/949\/revisions"}],"wp:featuredmedia":[{"embeddable":true,"href":"https:\/\/universal-polythex.vdevs.eu\/fr\/wp-json\/wp\/v2\/media\/946"}],"wp:attachment":[{"href":"https:\/\/universal-polythex.vdevs.eu\/fr\/wp-json\/wp\/v2\/media?parent=949"}],"curies":[{"name":"wp","href":"https:\/\/api.w.org\/{rel}","templated":true}]}}