{"id":956,"date":"2025-08-20T11:01:50","date_gmt":"2025-08-20T09:01:50","guid":{"rendered":"https:\/\/universal-polythex.vdevs.eu\/co2_fubabdruck\/"},"modified":"2025-08-20T11:01:50","modified_gmt":"2025-08-20T09:01:50","slug":"co2_fubabdruck","status":"publish","type":"page","link":"https:\/\/universal-polythex.vdevs.eu\/fr\/co2_fubabdruck\/","title":{"rendered":"Empreinte CO2"},"content":{"rendered":"<h2><span style=\"font-size: 18px;\">CLIMAT NEUTRE POUR L&rsquo;AVENIR !<\/span><\/h2>\n<p>&nbsp;<\/p>\n<p>Depuis septembre 2023, nous sommes membres de l&rsquo;initiative pour la protection du climat de l&rsquo;industrie des plastiques. Un bilan carbone de l&rsquo;ensemble de l&rsquo;entreprise a \u00e9t\u00e9 \u00e9tabli en collaboration avec un prestataire externe. Les \u00e9missions Scope-1 et Scope-2 ainsi que les \u00e9missions Scope-3 s\u00e9lectionn\u00e9es ont \u00e9t\u00e9 prises en compte. Sur la base du bilan CO2 complet, des mesures de r\u00e9duction peuvent maintenant \u00eatre lanc\u00e9es de mani\u00e8re cibl\u00e9e. Afin de contribuer au mieux \u00e0 la r\u00e9duction des \u00e9missions de CO2, nous \u00e9tablissons un bilan global modifi\u00e9 au plus tard tous les 2 ans afin de nous am\u00e9liorer continuellement.<\/p>\n<p>Universal Polythex Kunststoffe GmbH apportera ainsi une contribution centrale \u00e0 la protection du climat !<\/p>\n","protected":false},"excerpt":{"rendered":"<p>CLIMAT NEUTRE POUR L&rsquo;AVENIR ! &nbsp; Depuis septembre 2023, nous sommes membres de l&rsquo;initiative pour la protection du climat de l&rsquo;industrie des plastiques. Un bilan carbone de l&rsquo;ensemble de l&rsquo;entreprise a \u00e9t\u00e9 \u00e9tabli en collaboration avec un prestataire externe. Les \u00e9missions Scope-1 et Scope-2 ainsi que les \u00e9missions Scope-3 s\u00e9lectionn\u00e9es ont \u00e9t\u00e9 prises en compte. [&hellip;]<\/p>\n","protected":false},"author":1,"featured_media":953,"parent":0,"menu_order":14,"comment_status":"closed","ping_status":"closed","template":"template-nachhaltigkeit.php","meta":{"_acf_changed":false,"footnotes":""},"class_list":["post-956","page","type-page","status-publish","has-post-thumbnail","hentry"],"acf":[],"_links":{"self":[{"href":"https:\/\/universal-polythex.vdevs.eu\/fr\/wp-json\/wp\/v2\/pages\/956","targetHints":{"allow":["GET"]}}],"collection":[{"href":"https:\/\/universal-polythex.vdevs.eu\/fr\/wp-json\/wp\/v2\/pages"}],"about":[{"href":"https:\/\/universal-polythex.vdevs.eu\/fr\/wp-json\/wp\/v2\/types\/page"}],"author":[{"embeddable":true,"href":"https:\/\/universal-polythex.vdevs.eu\/fr\/wp-json\/wp\/v2\/users\/1"}],"replies":[{"embeddable":true,"href":"https:\/\/universal-polythex.vdevs.eu\/fr\/wp-json\/wp\/v2\/comments?post=956"}],"version-history":[{"count":0,"href":"https:\/\/universal-polythex.vdevs.eu\/fr\/wp-json\/wp\/v2\/pages\/956\/revisions"}],"wp:featuredmedia":[{"embeddable":true,"href":"https:\/\/universal-polythex.vdevs.eu\/fr\/wp-json\/wp\/v2\/media\/953"}],"wp:attachment":[{"href":"https:\/\/universal-polythex.vdevs.eu\/fr\/wp-json\/wp\/v2\/media?parent=956"}],"curies":[{"name":"wp","href":"https:\/\/api.w.org\/{rel}","templated":true}]}}